{"id":1358,"date":"2022-02-06T17:00:01","date_gmt":"2022-02-06T16:00:01","guid":{"rendered":"https:\/\/toulhbc.fr\/?page_id=1358"},"modified":"2023-12-10T19:13:35","modified_gmt":"2023-12-10T18:13:35","slug":"arbitrage","status":"publish","type":"page","link":"https:\/\/toulhbc.fr\/index.php\/arbitrage\/","title":{"rendered":"Arbitrage"},"content":{"rendered":"\t\t<div data-elementor-type=\"wp-page\" data-elementor-id=\"1358\" class=\"elementor elementor-1358\">\n\t\t\t\t\t\t\t\t\t<section class=\"elementor-section elementor-top-section elementor-element elementor-element-3c935a4c elementor-section-boxed elementor-section-height-default elementor-section-height-default\" data-id=\"3c935a4c\" data-element_type=\"section\" data-settings=\"{&quot;background_background&quot;:&quot;classic&quot;}\">\n\t\t\t\t\t\t<div class=\"elementor-container elementor-column-gap-default\">\n\t\t\t\t\t<div class=\"elementor-column elementor-col-100 elementor-top-column elementor-element elementor-element-45f3e3e4\" data-id=\"45f3e3e4\" data-element_type=\"column\">\n\t\t\t<div class=\"elementor-widget-wrap elementor-element-populated\">\n\t\t\t\t\t\t\t\t<section class=\"elementor-section elementor-inner-section elementor-element elementor-element-79091ef2 elementor-section-boxed elementor-section-height-default elementor-section-height-default\" data-id=\"79091ef2\" data-element_type=\"section\">\n\t\t\t\t\t\t<div class=\"elementor-container elementor-column-gap-default\">\n\t\t\t\t\t<div class=\"elementor-column elementor-col-100 elementor-inner-column elementor-element elementor-element-21445220\" data-id=\"21445220\" data-element_type=\"column\" data-settings=\"{&quot;background_background&quot;:&quot;classic&quot;}\">\n\t\t\t<div class=\"elementor-widget-wrap elementor-element-populated\">\n\t\t\t\t\t\t\t\t<div class=\"elementor-element elementor-element-4c160923 elementor-widget elementor-widget-heading\" data-id=\"4c160923\" data-element_type=\"widget\" data-widget_type=\"heading.default\">\n\t\t\t\t<div class=\"elementor-widget-container\">\n\t\t\t<style>\/*! elementor - v3.18.0 - 08-12-2023 *\/\n.elementor-heading-title{padding:0;margin:0;line-height:1}.elementor-widget-heading .elementor-heading-title[class*=elementor-size-]>a{color:inherit;font-size:inherit;line-height:inherit}.elementor-widget-heading .elementor-heading-title.elementor-size-small{font-size:15px}.elementor-widget-heading .elementor-heading-title.elementor-size-medium{font-size:19px}.elementor-widget-heading .elementor-heading-title.elementor-size-large{font-size:29px}.elementor-widget-heading .elementor-heading-title.elementor-size-xl{font-size:39px}.elementor-widget-heading .elementor-heading-title.elementor-size-xxl{font-size:59px}<\/style><h2 class=\"elementor-heading-title elementor-size-default\">ARBITRAGE<\/h2>\t\t<\/div>\n\t\t\t\t<\/div>\n\t\t\t\t<div class=\"elementor-element elementor-element-19546f56 elementor-widget elementor-widget-image\" data-id=\"19546f56\" data-element_type=\"widget\" data-widget_type=\"image.default\">\n\t\t\t\t<div class=\"elementor-widget-container\">\n\t\t\t<style>\/*! elementor - v3.18.0 - 08-12-2023 *\/\n.elementor-widget-image{text-align:center}.elementor-widget-image a{display:inline-block}.elementor-widget-image a img[src$=\".svg\"]{width:48px}.elementor-widget-image img{vertical-align:middle;display:inline-block}<\/style>\t\t\t\t\t\t\t\t\t\t\t\t<img fetchpriority=\"high\" decoding=\"async\" width=\"818\" height=\"635\" src=\"https:\/\/toulhbc.fr\/wp-content\/uploads\/2022\/02\/ecusson-arbitre.png\" class=\"attachment-full size-full wp-image-1392\" alt=\"\" srcset=\"https:\/\/toulhbc.fr\/wp-content\/uploads\/2022\/02\/ecusson-arbitre.png 818w, https:\/\/toulhbc.fr\/wp-content\/uploads\/2022\/02\/ecusson-arbitre-300x233.png 300w, https:\/\/toulhbc.fr\/wp-content\/uploads\/2022\/02\/ecusson-arbitre-768x596.png 768w\" sizes=\"(max-width: 818px) 100vw, 818px\" \/>\t\t\t\t\t\t\t\t\t\t\t\t\t\t\t<\/div>\n\t\t\t\t<\/div>\n\t\t\t\t\t<\/div>\n\t\t<\/div>\n\t\t\t\t\t\t\t<\/div>\n\t\t<\/section>\n\t\t\t\t\t<\/div>\n\t\t<\/div>\n\t\t\t\t\t\t\t<\/div>\n\t\t<\/section>\n\t\t\t\t<section class=\"elementor-section elementor-top-section elementor-element elementor-element-f8f5abd elementor-section-boxed elementor-section-height-default elementor-section-height-default\" data-id=\"f8f5abd\" data-element_type=\"section\" data-settings=\"{&quot;background_background&quot;:&quot;classic&quot;}\">\n\t\t\t\t\t\t<div class=\"elementor-container elementor-column-gap-default\">\n\t\t\t\t\t<div class=\"elementor-column elementor-col-50 elementor-top-column elementor-element elementor-element-5ea94c03\" data-id=\"5ea94c03\" data-element_type=\"column\">\n\t\t\t<div class=\"elementor-widget-wrap elementor-element-populated\">\n\t\t\t\t\t\t\t\t<div class=\"elementor-element elementor-element-56b7cfeb elementor-widget elementor-widget-spacer\" data-id=\"56b7cfeb\" data-element_type=\"widget\" data-widget_type=\"spacer.default\">\n\t\t\t\t<div class=\"elementor-widget-container\">\n\t\t\t<style>\/*! elementor - v3.18.0 - 08-12-2023 *\/\n.elementor-column .elementor-spacer-inner{height:var(--spacer-size)}.e-con{--container-widget-width:100%}.e-con-inner>.elementor-widget-spacer,.e-con>.elementor-widget-spacer{width:var(--container-widget-width,var(--spacer-size));--align-self:var(--container-widget-align-self,initial);--flex-shrink:0}.e-con-inner>.elementor-widget-spacer>.elementor-widget-container,.e-con>.elementor-widget-spacer>.elementor-widget-container{height:100%;width:100%}.e-con-inner>.elementor-widget-spacer>.elementor-widget-container>.elementor-spacer,.e-con>.elementor-widget-spacer>.elementor-widget-container>.elementor-spacer{height:100%}.e-con-inner>.elementor-widget-spacer>.elementor-widget-container>.elementor-spacer>.elementor-spacer-inner,.e-con>.elementor-widget-spacer>.elementor-widget-container>.elementor-spacer>.elementor-spacer-inner{height:var(--container-widget-height,var(--spacer-size))}.e-con-inner>.elementor-widget-spacer.elementor-widget-empty,.e-con>.elementor-widget-spacer.elementor-widget-empty{position:relative;min-height:22px;min-width:22px}.e-con-inner>.elementor-widget-spacer.elementor-widget-empty .elementor-widget-empty-icon,.e-con>.elementor-widget-spacer.elementor-widget-empty .elementor-widget-empty-icon{position:absolute;top:0;bottom:0;left:0;right:0;margin:auto;padding:0;width:22px;height:22px}<\/style>\t\t<div class=\"elementor-spacer\">\n\t\t\t<div class=\"elementor-spacer-inner\"><\/div>\n\t\t<\/div>\n\t\t\t\t<\/div>\n\t\t\t\t<\/div>\n\t\t\t\t<div class=\"elementor-element elementor-element-6b4f9753 elementor-widget elementor-widget-heading\" data-id=\"6b4f9753\" data-element_type=\"widget\" data-widget_type=\"heading.default\">\n\t\t\t\t<div class=\"elementor-widget-container\">\n\t\t\t<h2 class=\"elementor-heading-title elementor-size-default\">Sans les arbitres,<\/h2>\t\t<\/div>\n\t\t\t\t<\/div>\n\t\t\t\t<div class=\"elementor-element elementor-element-72e899cf elementor-widget elementor-widget-heading\" data-id=\"72e899cf\" data-element_type=\"widget\" data-widget_type=\"heading.default\">\n\t\t\t\t<div class=\"elementor-widget-container\">\n\t\t\t<h2 class=\"elementor-heading-title elementor-size-default\"><span style=\"background-color:#1E2D53; color:white;\npadding:0 15px 0 15px;\n\">PAS DE MATCH !<\/span><\/h2>\t\t<\/div>\n\t\t\t\t<\/div>\n\t\t\t\t<div class=\"elementor-element elementor-element-2cc92335 elementor-widget elementor-widget-spacer\" data-id=\"2cc92335\" data-element_type=\"widget\" data-widget_type=\"spacer.default\">\n\t\t\t\t<div class=\"elementor-widget-container\">\n\t\t\t\t\t<div class=\"elementor-spacer\">\n\t\t\t<div class=\"elementor-spacer-inner\"><\/div>\n\t\t<\/div>\n\t\t\t\t<\/div>\n\t\t\t\t<\/div>\n\t\t\t\t<div class=\"elementor-element elementor-element-5244091e elementor-widget elementor-widget-accordion\" data-id=\"5244091e\" data-element_type=\"widget\" data-widget_type=\"accordion.default\">\n\t\t\t\t<div class=\"elementor-widget-container\">\n\t\t\t<style>\/*! elementor - v3.18.0 - 08-12-2023 *\/\n.elementor-accordion{text-align:left}.elementor-accordion .elementor-accordion-item{border:1px solid #d5d8dc}.elementor-accordion .elementor-accordion-item+.elementor-accordion-item{border-top:none}.elementor-accordion .elementor-tab-title{margin:0;padding:15px 20px;font-weight:700;line-height:1;cursor:pointer;outline:none}.elementor-accordion .elementor-tab-title .elementor-accordion-icon{display:inline-block;width:1.5em}.elementor-accordion .elementor-tab-title .elementor-accordion-icon svg{width:1em;height:1em}.elementor-accordion .elementor-tab-title .elementor-accordion-icon.elementor-accordion-icon-right{float:right;text-align:right}.elementor-accordion .elementor-tab-title .elementor-accordion-icon.elementor-accordion-icon-left{float:left;text-align:left}.elementor-accordion .elementor-tab-title .elementor-accordion-icon .elementor-accordion-icon-closed{display:block}.elementor-accordion .elementor-tab-title .elementor-accordion-icon .elementor-accordion-icon-opened,.elementor-accordion .elementor-tab-title.elementor-active .elementor-accordion-icon-closed{display:none}.elementor-accordion .elementor-tab-title.elementor-active .elementor-accordion-icon-opened{display:block}.elementor-accordion .elementor-tab-content{display:none;padding:15px 20px;border-top:1px solid #d5d8dc}@media (max-width:767px){.elementor-accordion .elementor-tab-title{padding:12px 15px}.elementor-accordion .elementor-tab-title .elementor-accordion-icon{width:1.2em}.elementor-accordion .elementor-tab-content{padding:7px 15px}}.e-con-inner>.elementor-widget-accordion,.e-con>.elementor-widget-accordion{width:var(--container-widget-width);--flex-grow:var(--container-widget-flex-grow)}<\/style>\t\t<div class=\"elementor-accordion\">\n\t\t\t\t\t\t\t<div class=\"elementor-accordion-item\">\n\t\t\t\t\t<div id=\"elementor-tab-title-1381\" class=\"elementor-tab-title\" data-tab=\"1\" role=\"button\" aria-controls=\"elementor-tab-content-1381\" aria-expanded=\"false\">\n\t\t\t\t\t\t\t\t\t\t\t\t\t<span class=\"elementor-accordion-icon elementor-accordion-icon-left\" aria-hidden=\"true\">\n\t\t\t\t\t\t\t\t\t\t\t\t\t\t\t<span class=\"elementor-accordion-icon-closed\"><i class=\"fas fa-plus\"><\/i><\/span>\n\t\t\t\t\t\t\t\t<span class=\"elementor-accordion-icon-opened\"><i class=\"fas fa-minus\"><\/i><\/span>\n\t\t\t\t\t\t\t\t\t\t\t\t\t\t<\/span>\n\t\t\t\t\t\t\t\t\t\t\t\t<a class=\"elementor-accordion-title\" tabindex=\"0\">Le club recrute<\/a>\n\t\t\t\t\t<\/div>\n\t\t\t\t\t<div id=\"elementor-tab-content-1381\" class=\"elementor-tab-content elementor-clearfix\" data-tab=\"1\" role=\"region\" aria-labelledby=\"elementor-tab-title-1381\"><p>Le club est constamment \u00e0 la recherche de licenci\u00e9s motiv\u00e9s pour se former \u00e0 cette fonction importante, avec l&rsquo;appui du Comit\u00e9 54 handball. N&rsquo;h\u00e9sitez pas \u00e0 vous rapprocher des membres du bureau.<\/p><\/div>\n\t\t\t\t<\/div>\n\t\t\t\t\t\t\t<div class=\"elementor-accordion-item\">\n\t\t\t\t\t<div id=\"elementor-tab-title-1382\" class=\"elementor-tab-title\" data-tab=\"2\" role=\"button\" aria-controls=\"elementor-tab-content-1382\" aria-expanded=\"false\">\n\t\t\t\t\t\t\t\t\t\t\t\t\t<span class=\"elementor-accordion-icon elementor-accordion-icon-left\" aria-hidden=\"true\">\n\t\t\t\t\t\t\t\t\t\t\t\t\t\t\t<span class=\"elementor-accordion-icon-closed\"><i class=\"fas fa-plus\"><\/i><\/span>\n\t\t\t\t\t\t\t\t<span class=\"elementor-accordion-icon-opened\"><i class=\"fas fa-minus\"><\/i><\/span>\n\t\t\t\t\t\t\t\t\t\t\t\t\t\t<\/span>\n\t\t\t\t\t\t\t\t\t\t\t\t<a class=\"elementor-accordion-title\" tabindex=\"0\">N'oubliez pas !<\/a>\n\t\t\t\t\t<\/div>\n\t\t\t\t\t<div id=\"elementor-tab-content-1382\" class=\"elementor-tab-content elementor-clearfix\" data-tab=\"2\" role=\"region\" aria-labelledby=\"elementor-tab-title-1382\"><p>C&rsquo;est un sport<\/p><p>Ce n&rsquo;est qu&rsquo;un jeu<\/p><p>Les \u00e9ducateurs sont b\u00e9n\u00e9voles<\/p><p>L&rsquo;arbitre est un \u00eatre humain<\/p><p>Ce n&rsquo;est pas la coupe du monde !<\/p><p>\u00a0<\/p><\/div>\n\t\t\t\t<\/div>\n\t\t\t\t\t\t\t\t<\/div>\n\t\t\t\t<\/div>\n\t\t\t\t<\/div>\n\t\t\t\t\t<\/div>\n\t\t<\/div>\n\t\t\t\t<div class=\"elementor-column elementor-col-50 elementor-top-column elementor-element elementor-element-146d0f99\" data-id=\"146d0f99\" data-element_type=\"column\">\n\t\t\t<div class=\"elementor-widget-wrap elementor-element-populated\">\n\t\t\t\t\t\t\t\t<div class=\"elementor-element elementor-element-8966fdd elementor-widget elementor-widget-image\" data-id=\"8966fdd\" data-element_type=\"widget\" data-widget_type=\"image.default\">\n\t\t\t\t<div class=\"elementor-widget-container\">\n\t\t\t\t\t\t\t\t\t\t\t\t\t\t\t<img decoding=\"async\" width=\"1024\" height=\"730\" src=\"https:\/\/toulhbc.fr\/wp-content\/uploads\/2023\/12\/398601299_6469281243178154_1222590612529801290_n-1024x730.jpg\" class=\"attachment-large size-large wp-image-2462\" alt=\"\" srcset=\"https:\/\/toulhbc.fr\/wp-content\/uploads\/2023\/12\/398601299_6469281243178154_1222590612529801290_n-1024x730.jpg 1024w, https:\/\/toulhbc.fr\/wp-content\/uploads\/2023\/12\/398601299_6469281243178154_1222590612529801290_n-300x214.jpg 300w, https:\/\/toulhbc.fr\/wp-content\/uploads\/2023\/12\/398601299_6469281243178154_1222590612529801290_n-768x548.jpg 768w, https:\/\/toulhbc.fr\/wp-content\/uploads\/2023\/12\/398601299_6469281243178154_1222590612529801290_n-1536x1095.jpg 1536w, https:\/\/toulhbc.fr\/wp-content\/uploads\/2023\/12\/398601299_6469281243178154_1222590612529801290_n.jpg 1802w\" sizes=\"(max-width: 1024px) 100vw, 1024px\" \/>\t\t\t\t\t\t\t\t\t\t\t\t\t\t\t<\/div>\n\t\t\t\t<\/div>\n\t\t\t\t<div class=\"elementor-element elementor-element-d41f303 elementor-widget elementor-widget-text-editor\" data-id=\"d41f303\" data-element_type=\"widget\" data-widget_type=\"text-editor.default\">\n\t\t\t\t<div class=\"elementor-widget-container\">\n\t\t\t<style>\/*! elementor - v3.18.0 - 08-12-2023 *\/\n.elementor-widget-text-editor.elementor-drop-cap-view-stacked .elementor-drop-cap{background-color:#69727d;color:#fff}.elementor-widget-text-editor.elementor-drop-cap-view-framed .elementor-drop-cap{color:#69727d;border:3px solid;background-color:transparent}.elementor-widget-text-editor:not(.elementor-drop-cap-view-default) .elementor-drop-cap{margin-top:8px}.elementor-widget-text-editor:not(.elementor-drop-cap-view-default) .elementor-drop-cap-letter{width:1em;height:1em}.elementor-widget-text-editor .elementor-drop-cap{float:left;text-align:center;line-height:1;font-size:50px}.elementor-widget-text-editor .elementor-drop-cap-letter{display:inline-block}<\/style>\t\t\t\t<p>Nos deux jeunes arbitres, Hadri et L\u00e9o, ainsi que leurs parents (et \u00f4 combien importants b\u00e9n\u00e9voles), Nathalie et Laurent.<\/p><p>N&rsquo;h\u00e9sitez pas \u00e0 venir les rejoindre pour \u00e9toffer le corps arbitral du THBC.<\/p><p>\u00a0<\/p>\t\t\t\t\t\t<\/div>\n\t\t\t\t<\/div>\n\t\t\t\t<div class=\"elementor-element elementor-element-01018ca elementor-widget elementor-widget-image\" data-id=\"01018ca\" data-element_type=\"widget\" data-widget_type=\"image.default\">\n\t\t\t\t<div class=\"elementor-widget-container\">\n\t\t\t\t\t\t\t\t\t\t\t\t\t\t\t<img decoding=\"async\" width=\"1024\" height=\"683\" src=\"https:\/\/toulhbc.fr\/wp-content\/uploads\/2023\/12\/IMG_9770.jpg\" class=\"attachment-large size-large wp-image-2480\" alt=\"\" srcset=\"https:\/\/toulhbc.fr\/wp-content\/uploads\/2023\/12\/IMG_9770.jpg 1024w, https:\/\/toulhbc.fr\/wp-content\/uploads\/2023\/12\/IMG_9770-300x200.jpg 300w, https:\/\/toulhbc.fr\/wp-content\/uploads\/2023\/12\/IMG_9770-768x512.jpg 768w\" sizes=\"(max-width: 1024px) 100vw, 1024px\" \/>\t\t\t\t\t\t\t\t\t\t\t\t\t\t\t<\/div>\n\t\t\t\t<\/div>\n\t\t\t\t\t<\/div>\n\t\t<\/div>\n\t\t\t\t\t\t\t<\/div>\n\t\t<\/section>\n\t\t\t\t<section class=\"elementor-section elementor-top-section elementor-element elementor-element-0859667 elementor-section-boxed elementor-section-height-default elementor-section-height-default\" data-id=\"0859667\" data-element_type=\"section\">\n\t\t\t\t\t\t<div class=\"elementor-container elementor-column-gap-default\">\n\t\t\t\t\t<div class=\"elementor-column elementor-col-100 elementor-top-column elementor-element elementor-element-e9d9edf\" data-id=\"e9d9edf\" data-element_type=\"column\">\n\t\t\t<div class=\"elementor-widget-wrap elementor-element-populated\">\n\t\t\t\t\t\t\t\t<div class=\"elementor-element elementor-element-212bf7f elementor-widget elementor-widget-button\" data-id=\"212bf7f\" data-element_type=\"widget\" data-widget_type=\"button.default\">\n\t\t\t\t<div class=\"elementor-widget-container\">\n\t\t\t\t\t<div class=\"elementor-button-wrapper\">\n\t\t\t<a class=\"elementor-button elementor-button-link elementor-size-md\" href=\"https:\/\/toulhbc.fr\/index.php\/le-club\/\">\n\t\t\t\t\t\t<span class=\"elementor-button-content-wrapper\">\n\t\t\t\t\t\t<span class=\"elementor-button-icon elementor-align-icon-left\">\n\t\t\t\t<i aria-hidden=\"true\" class=\"fas fa-angle-double-right\"><\/i>\t\t\t<\/span>\n\t\t\t\t\t\t<span class=\"elementor-button-text\">Retour<\/span>\n\t\t<\/span>\n\t\t\t\t\t<\/a>\n\t\t<\/div>\n\t\t\t\t<\/div>\n\t\t\t\t<\/div>\n\t\t\t\t\t<\/div>\n\t\t<\/div>\n\t\t\t\t\t\t\t<\/div>\n\t\t<\/section>\n\t\t\t\t\t\t\t<\/div>\n\t\t","protected":false},"excerpt":{"rendered":"<p>ARBITRAGE Sans les arbitres, PAS DE MATCH ! Le club recrute Le club est constamment \u00e0 la recherche de licenci\u00e9s motiv\u00e9s pour se former \u00e0 cette fonction importante, avec l&rsquo;appui du Comit\u00e9 54 handball. N&rsquo;h\u00e9sitez pas \u00e0 vous rapprocher des membres du bureau. N&rsquo;oubliez pas ! C&rsquo;est un sport Ce n&rsquo;est qu&rsquo;un jeu Les \u00e9ducateurs&#8230;<\/p>\n","protected":false},"author":1,"featured_media":0,"parent":0,"menu_order":0,"comment_status":"closed","ping_status":"closed","template":"","meta":{"_kad_post_transparent":"","_kad_post_title":"hide","_kad_post_layout":"fullwidth","_kad_post_sidebar_id":"","_kad_post_content_style":"unboxed","_kad_post_vertical_padding":"hide","_kad_post_feature":"hide","_kad_post_feature_position":"","_kad_post_header":false,"_kad_post_footer":false,"footnotes":""},"yoast_head":"<!-- This site is optimized with the Yoast SEO plugin v21.7 - https:\/\/yoast.com\/wordpress\/plugins\/seo\/ -->\n<title>Arbitrage | Toul Handball Club<\/title>\n<meta name=\"description\" content=\"Le club de handball de Toul\" \/>\n<meta name=\"robots\" content=\"index, follow, max-snippet:-1, max-image-preview:large, max-video-preview:-1\" \/>\n<link rel=\"canonical\" href=\"https:\/\/toulhbc.fr\/index.php\/arbitrage\/\" \/>\n<meta property=\"og:locale\" content=\"fr_FR\" \/>\n<meta property=\"og:type\" content=\"article\" \/>\n<meta property=\"og:title\" content=\"Arbitrage | Toul Handball Club\" \/>\n<meta property=\"og:description\" content=\"Le club de handball de Toul\" \/>\n<meta property=\"og:url\" content=\"https:\/\/toulhbc.fr\/index.php\/arbitrage\/\" \/>\n<meta property=\"og:site_name\" content=\"Toul Handball Club\" \/>\n<meta property=\"article:publisher\" content=\"https:\/\/www.facebook.com\/groups\/162895353889590\" \/>\n<meta property=\"article:modified_time\" content=\"2023-12-10T18:13:35+00:00\" \/>\n<meta property=\"og:image\" content=\"https:\/\/toulhbc.fr\/wp-content\/uploads\/2022\/02\/ecusson-arbitre.png\" \/>\n<meta name=\"twitter:card\" content=\"summary_large_image\" \/>\n<meta name=\"twitter:label1\" content=\"Dur\u00e9e de lecture estim\u00e9e\" \/>\n\t<meta name=\"twitter:data1\" content=\"2 minutes\" \/>\n<script type=\"application\/ld+json\" class=\"yoast-schema-graph\">{\"@context\":\"https:\/\/schema.org\",\"@graph\":[{\"@type\":\"WebPage\",\"@id\":\"https:\/\/toulhbc.fr\/index.php\/arbitrage\/\",\"url\":\"https:\/\/toulhbc.fr\/index.php\/arbitrage\/\",\"name\":\"Arbitrage | Toul Handball Club\",\"isPartOf\":{\"@id\":\"https:\/\/toulhbc.fr\/#website\"},\"datePublished\":\"2022-02-06T16:00:01+00:00\",\"dateModified\":\"2023-12-10T18:13:35+00:00\",\"description\":\"Le club de handball de Toul\",\"breadcrumb\":{\"@id\":\"https:\/\/toulhbc.fr\/index.php\/arbitrage\/#breadcrumb\"},\"inLanguage\":\"fr-FR\",\"potentialAction\":[{\"@type\":\"ReadAction\",\"target\":[\"https:\/\/toulhbc.fr\/index.php\/arbitrage\/\"]}]},{\"@type\":\"BreadcrumbList\",\"@id\":\"https:\/\/toulhbc.fr\/index.php\/arbitrage\/#breadcrumb\",\"itemListElement\":[{\"@type\":\"ListItem\",\"position\":1,\"name\":\"Accueil\",\"item\":\"https:\/\/toulhbc.fr\/\"},{\"@type\":\"ListItem\",\"position\":2,\"name\":\"Arbitrage\"}]},{\"@type\":\"WebSite\",\"@id\":\"https:\/\/toulhbc.fr\/#website\",\"url\":\"https:\/\/toulhbc.fr\/\",\"name\":\"Toul Handball Club\",\"description\":\"Votre club de handball \u00e0 Toul\",\"publisher\":{\"@id\":\"https:\/\/toulhbc.fr\/#organization\"},\"potentialAction\":[{\"@type\":\"SearchAction\",\"target\":{\"@type\":\"EntryPoint\",\"urlTemplate\":\"https:\/\/toulhbc.fr\/?s={search_term_string}\"},\"query-input\":\"required name=search_term_string\"}],\"inLanguage\":\"fr-FR\"},{\"@type\":\"Organization\",\"@id\":\"https:\/\/toulhbc.fr\/#organization\",\"name\":\"Toul HandBall Club\",\"url\":\"https:\/\/toulhbc.fr\/\",\"logo\":{\"@type\":\"ImageObject\",\"inLanguage\":\"fr-FR\",\"@id\":\"https:\/\/toulhbc.fr\/#\/schema\/logo\/image\/\",\"url\":\"https:\/\/toulhbc.fr\/wp-content\/uploads\/2022\/01\/cropped-logo-thbc.jpg\",\"contentUrl\":\"https:\/\/toulhbc.fr\/wp-content\/uploads\/2022\/01\/cropped-logo-thbc.jpg\",\"width\":512,\"height\":512,\"caption\":\"Toul HandBall Club\"},\"image\":{\"@id\":\"https:\/\/toulhbc.fr\/#\/schema\/logo\/image\/\"},\"sameAs\":[\"https:\/\/www.facebook.com\/groups\/162895353889590\"]}]}<\/script>\n<!-- \/ Yoast SEO plugin. -->","yoast_head_json":{"title":"Arbitrage | Toul Handball Club","description":"Le club de handball de Toul","robots":{"index":"index","follow":"follow","max-snippet":"max-snippet:-1","max-image-preview":"max-image-preview:large","max-video-preview":"max-video-preview:-1"},"canonical":"https:\/\/toulhbc.fr\/index.php\/arbitrage\/","og_locale":"fr_FR","og_type":"article","og_title":"Arbitrage | Toul Handball Club","og_description":"Le club de handball de Toul","og_url":"https:\/\/toulhbc.fr\/index.php\/arbitrage\/","og_site_name":"Toul Handball Club","article_publisher":"https:\/\/www.facebook.com\/groups\/162895353889590","article_modified_time":"2023-12-10T18:13:35+00:00","og_image":[{"url":"https:\/\/toulhbc.fr\/wp-content\/uploads\/2022\/02\/ecusson-arbitre.png"}],"twitter_card":"summary_large_image","twitter_misc":{"Dur\u00e9e de lecture estim\u00e9e":"2 minutes"},"schema":{"@context":"https:\/\/schema.org","@graph":[{"@type":"WebPage","@id":"https:\/\/toulhbc.fr\/index.php\/arbitrage\/","url":"https:\/\/toulhbc.fr\/index.php\/arbitrage\/","name":"Arbitrage | Toul Handball Club","isPartOf":{"@id":"https:\/\/toulhbc.fr\/#website"},"datePublished":"2022-02-06T16:00:01+00:00","dateModified":"2023-12-10T18:13:35+00:00","description":"Le club de handball de Toul","breadcrumb":{"@id":"https:\/\/toulhbc.fr\/index.php\/arbitrage\/#breadcrumb"},"inLanguage":"fr-FR","potentialAction":[{"@type":"ReadAction","target":["https:\/\/toulhbc.fr\/index.php\/arbitrage\/"]}]},{"@type":"BreadcrumbList","@id":"https:\/\/toulhbc.fr\/index.php\/arbitrage\/#breadcrumb","itemListElement":[{"@type":"ListItem","position":1,"name":"Accueil","item":"https:\/\/toulhbc.fr\/"},{"@type":"ListItem","position":2,"name":"Arbitrage"}]},{"@type":"WebSite","@id":"https:\/\/toulhbc.fr\/#website","url":"https:\/\/toulhbc.fr\/","name":"Toul Handball Club","description":"Votre club de handball \u00e0 Toul","publisher":{"@id":"https:\/\/toulhbc.fr\/#organization"},"potentialAction":[{"@type":"SearchAction","target":{"@type":"EntryPoint","urlTemplate":"https:\/\/toulhbc.fr\/?s={search_term_string}"},"query-input":"required name=search_term_string"}],"inLanguage":"fr-FR"},{"@type":"Organization","@id":"https:\/\/toulhbc.fr\/#organization","name":"Toul HandBall Club","url":"https:\/\/toulhbc.fr\/","logo":{"@type":"ImageObject","inLanguage":"fr-FR","@id":"https:\/\/toulhbc.fr\/#\/schema\/logo\/image\/","url":"https:\/\/toulhbc.fr\/wp-content\/uploads\/2022\/01\/cropped-logo-thbc.jpg","contentUrl":"https:\/\/toulhbc.fr\/wp-content\/uploads\/2022\/01\/cropped-logo-thbc.jpg","width":512,"height":512,"caption":"Toul HandBall Club"},"image":{"@id":"https:\/\/toulhbc.fr\/#\/schema\/logo\/image\/"},"sameAs":["https:\/\/www.facebook.com\/groups\/162895353889590"]}]}},"_links":{"self":[{"href":"https:\/\/toulhbc.fr\/index.php\/wp-json\/wp\/v2\/pages\/1358"}],"collection":[{"href":"https:\/\/toulhbc.fr\/index.php\/wp-json\/wp\/v2\/pages"}],"about":[{"href":"https:\/\/toulhbc.fr\/index.php\/wp-json\/wp\/v2\/types\/page"}],"author":[{"embeddable":true,"href":"https:\/\/toulhbc.fr\/index.php\/wp-json\/wp\/v2\/users\/1"}],"replies":[{"embeddable":true,"href":"https:\/\/toulhbc.fr\/index.php\/wp-json\/wp\/v2\/comments?post=1358"}],"version-history":[{"count":22,"href":"https:\/\/toulhbc.fr\/index.php\/wp-json\/wp\/v2\/pages\/1358\/revisions"}],"predecessor-version":[{"id":2483,"href":"https:\/\/toulhbc.fr\/index.php\/wp-json\/wp\/v2\/pages\/1358\/revisions\/2483"}],"wp:attachment":[{"href":"https:\/\/toulhbc.fr\/index.php\/wp-json\/wp\/v2\/media?parent=1358"}],"curies":[{"name":"wp","href":"https:\/\/api.w.org\/{rel}","templated":true}]}}