{"id":322,"date":"2022-01-09T15:08:12","date_gmt":"2022-01-09T14:08:12","guid":{"rendered":"https:\/\/toulhbc.fr\/?page_id=322"},"modified":"2022-01-30T15:25:59","modified_gmt":"2022-01-30T14:25:59","slug":"historique","status":"publish","type":"page","link":"https:\/\/toulhbc.fr\/index.php\/historique\/","title":{"rendered":"Historique"},"content":{"rendered":"\t\t<div data-elementor-type=\"wp-page\" data-elementor-id=\"322\" class=\"elementor elementor-322\">\n\t\t\t\t\t\t\t\t\t<section class=\"elementor-section elementor-top-section elementor-element elementor-element-25beb8f elementor-section-boxed elementor-section-height-default elementor-section-height-default\" data-id=\"25beb8f\" data-element_type=\"section\" data-settings=\"{&quot;background_background&quot;:&quot;classic&quot;}\">\n\t\t\t\t\t\t<div class=\"elementor-container elementor-column-gap-default\">\n\t\t\t\t\t<div class=\"elementor-column elementor-col-100 elementor-top-column elementor-element elementor-element-a44b583\" data-id=\"a44b583\" data-element_type=\"column\">\n\t\t\t<div class=\"elementor-widget-wrap elementor-element-populated\">\n\t\t\t\t\t\t\t\t<section class=\"elementor-section elementor-inner-section elementor-element elementor-element-e13bc0c elementor-section-boxed elementor-section-height-default elementor-section-height-default\" data-id=\"e13bc0c\" data-element_type=\"section\">\n\t\t\t\t\t\t<div class=\"elementor-container elementor-column-gap-default\">\n\t\t\t\t\t<div class=\"elementor-column elementor-col-50 elementor-inner-column elementor-element elementor-element-ac3e65d\" data-id=\"ac3e65d\" data-element_type=\"column\">\n\t\t\t<div class=\"elementor-widget-wrap elementor-element-populated\">\n\t\t\t\t\t\t\t\t<div class=\"elementor-element elementor-element-2b7d5ec elementor-widget elementor-widget-heading\" data-id=\"2b7d5ec\" data-element_type=\"widget\" data-widget_type=\"heading.default\">\n\t\t\t\t<div class=\"elementor-widget-container\">\n\t\t\t<style>\/*! elementor - v3.18.0 - 08-12-2023 *\/\n.elementor-heading-title{padding:0;margin:0;line-height:1}.elementor-widget-heading .elementor-heading-title[class*=elementor-size-]>a{color:inherit;font-size:inherit;line-height:inherit}.elementor-widget-heading .elementor-heading-title.elementor-size-small{font-size:15px}.elementor-widget-heading .elementor-heading-title.elementor-size-medium{font-size:19px}.elementor-widget-heading .elementor-heading-title.elementor-size-large{font-size:29px}.elementor-widget-heading .elementor-heading-title.elementor-size-xl{font-size:39px}.elementor-widget-heading .elementor-heading-title.elementor-size-xxl{font-size:59px}<\/style><h2 class=\"elementor-heading-title elementor-size-default\">historique<\/h2>\t\t<\/div>\n\t\t\t\t<\/div>\n\t\t\t\t\t<\/div>\n\t\t<\/div>\n\t\t\t\t<div class=\"elementor-column elementor-col-50 elementor-inner-column elementor-element elementor-element-fc6b7cf\" data-id=\"fc6b7cf\" data-element_type=\"column\">\n\t\t\t<div class=\"elementor-widget-wrap\">\n\t\t\t\t\t\t\t\t\t<\/div>\n\t\t<\/div>\n\t\t\t\t\t\t\t<\/div>\n\t\t<\/section>\n\t\t\t\t\t<\/div>\n\t\t<\/div>\n\t\t\t\t\t\t\t<\/div>\n\t\t<\/section>\n\t\t\t\t<section class=\"elementor-section elementor-top-section elementor-element elementor-element-49d6789 elementor-section-boxed elementor-section-height-default elementor-section-height-default\" data-id=\"49d6789\" data-element_type=\"section\">\n\t\t\t\t\t\t<div class=\"elementor-container elementor-column-gap-default\">\n\t\t\t\t\t<div class=\"elementor-column elementor-col-100 elementor-top-column elementor-element elementor-element-9f1a636\" data-id=\"9f1a636\" data-element_type=\"column\">\n\t\t\t<div class=\"elementor-widget-wrap elementor-element-populated\">\n\t\t\t\t\t\t\t\t<div class=\"elementor-element elementor-element-e915d64 elementor-widget elementor-widget-spacer\" data-id=\"e915d64\" data-element_type=\"widget\" data-widget_type=\"spacer.default\">\n\t\t\t\t<div class=\"elementor-widget-container\">\n\t\t\t<style>\/*! elementor - v3.18.0 - 08-12-2023 *\/\n.elementor-column .elementor-spacer-inner{height:var(--spacer-size)}.e-con{--container-widget-width:100%}.e-con-inner>.elementor-widget-spacer,.e-con>.elementor-widget-spacer{width:var(--container-widget-width,var(--spacer-size));--align-self:var(--container-widget-align-self,initial);--flex-shrink:0}.e-con-inner>.elementor-widget-spacer>.elementor-widget-container,.e-con>.elementor-widget-spacer>.elementor-widget-container{height:100%;width:100%}.e-con-inner>.elementor-widget-spacer>.elementor-widget-container>.elementor-spacer,.e-con>.elementor-widget-spacer>.elementor-widget-container>.elementor-spacer{height:100%}.e-con-inner>.elementor-widget-spacer>.elementor-widget-container>.elementor-spacer>.elementor-spacer-inner,.e-con>.elementor-widget-spacer>.elementor-widget-container>.elementor-spacer>.elementor-spacer-inner{height:var(--container-widget-height,var(--spacer-size))}.e-con-inner>.elementor-widget-spacer.elementor-widget-empty,.e-con>.elementor-widget-spacer.elementor-widget-empty{position:relative;min-height:22px;min-width:22px}.e-con-inner>.elementor-widget-spacer.elementor-widget-empty .elementor-widget-empty-icon,.e-con>.elementor-widget-spacer.elementor-widget-empty .elementor-widget-empty-icon{position:absolute;top:0;bottom:0;left:0;right:0;margin:auto;padding:0;width:22px;height:22px}<\/style>\t\t<div class=\"elementor-spacer\">\n\t\t\t<div class=\"elementor-spacer-inner\"><\/div>\n\t\t<\/div>\n\t\t\t\t<\/div>\n\t\t\t\t<\/div>\n\t\t\t\t<div class=\"elementor-element elementor-element-ad562e9 elementor-widget elementor-widget-text-editor\" data-id=\"ad562e9\" data-element_type=\"widget\" data-widget_type=\"text-editor.default\">\n\t\t\t\t<div class=\"elementor-widget-container\">\n\t\t\t<style>\/*! elementor - v3.18.0 - 08-12-2023 *\/\n.elementor-widget-text-editor.elementor-drop-cap-view-stacked .elementor-drop-cap{background-color:#69727d;color:#fff}.elementor-widget-text-editor.elementor-drop-cap-view-framed .elementor-drop-cap{color:#69727d;border:3px solid;background-color:transparent}.elementor-widget-text-editor:not(.elementor-drop-cap-view-default) .elementor-drop-cap{margin-top:8px}.elementor-widget-text-editor:not(.elementor-drop-cap-view-default) .elementor-drop-cap-letter{width:1em;height:1em}.elementor-widget-text-editor .elementor-drop-cap{float:left;text-align:center;line-height:1;font-size:50px}.elementor-widget-text-editor .elementor-drop-cap-letter{display:inline-block}<\/style>\t\t\t\t<p>Le handball est n\u00e9, \u00e0 Toul, en 1972 sous l\u2019appellation Amicale La\u00efque Toul Thuilley aux Groseilles et sous la pr\u00e9sidence de son fondateur Marcel Roussel, puis, en 1979, est cr\u00e9\u00e9e une section handba<span style=\"font-family: var( --e-global-typography-text-font-family ), Sans-serif; font-weight: var( --e-global-typography-text-font-weight ); background-color: transparent;\">ll au sein de cette amicale, toujours sous la Pr\u00e9sidence de Marcel Roussel, il y restera jusqu\u2019en 1987. Daniel Lallemand et \u00c9ric Vannier lui succ\u00e9deront de 1987 \u00e0 1993, Jean Vanier en sera secr\u00e9taire \u00e0 cette m\u00eame \u00e9poque.<\/span><\/p>\n<p>Gilles Kammacher deviendra pr\u00e9sident en 1993 et c\u2019est lui qui, en 1996, d\u00e9cidera de la s\u00e9paration entre le Toul HandBall Club et l\u2019Amicale La\u00efque. Il restera \u00e0 la pr\u00e9sidence de l\u2019association, jusqu\u2019en 2002.<\/p>\n<p>Alors qu\u2019il est investi en tant que secr\u00e9taire ou tr\u00e9sorier du club depuis 1987, Jean-Louis Aubertin prend la responsabilit\u00e9 de la pr\u00e9sidence entre 2002 et 2010.<\/p>\n<p>Mathieu Dor\u00e9 lui succ\u00e9dera ensuite, et, est toujours pr\u00e9sident, aujourd\u2019hui.<\/p>\n<p>C&rsquo;est gr\u00e2ce \u00e0 l\u2019investissement et au travail des personnes cit\u00e9es pr\u00e9c\u00e9demment, mais \u00e9galement \u00e0 celui de leurs successeurs et de tous les b\u00e9n\u00e9voles que le handball toulois est reconnu aujourd&rsquo;hui..<\/p>\n<p>On pourra citer: Jacques Bernardin -qui a port\u00e9 le maillot bleu frapp\u00e9 du coq, avant les heures de gloire du handball moderne- mais aussi Jacques Cl\u00e9ment, Andr\u00e9 Perrin et bien d&rsquo;autres encore&#8230;<\/p>\n<p>Aujourd\u2019hui le Toul HandBall Club compte 9 \u00e9quipes et une \u00e9cole de hand, remise en action en 2013 -apr\u00e8s 10 ans de sommeil- soit environ 160 licenci\u00e9s. Il y a 2 \u00e9quipes mixtes, 2 \u00e9quipes f\u00e9minines et 5 \u00e9quipes masculines.<\/p>\n<p>En restant fid\u00e8le aux valeurs de notre sport et \u00e0 l\u2019\u00e9ducation populaire, gr\u00e2ce aux excellents r\u00e9sultats obtenus par nos \u00e9quipes nationales masculines et f\u00e9minines ces derni\u00e8res ann\u00e9es, la volont\u00e9 du club est de continuer \u00e0 d\u00e9velopper les effectifs jeunes et la formation qui a \u00e9t\u00e9 remise en place depuis 2010 et plusieurs fois r\u00e9compens\u00e9e, depuis.&nbsp;<\/p>\t\t\t\t\t\t<\/div>\n\t\t\t\t<\/div>\n\t\t\t\t\t<\/div>\n\t\t<\/div>\n\t\t\t\t\t\t\t<\/div>\n\t\t<\/section>\n\t\t\t\t<section class=\"elementor-section elementor-top-section elementor-element elementor-element-68046fd elementor-section-boxed elementor-section-height-default elementor-section-height-default\" data-id=\"68046fd\" data-element_type=\"section\">\n\t\t\t\t\t\t<div class=\"elementor-container elementor-column-gap-default\">\n\t\t\t\t\t<div class=\"elementor-column elementor-col-100 elementor-top-column elementor-element elementor-element-221ae88\" data-id=\"221ae88\" data-element_type=\"column\">\n\t\t\t<div class=\"elementor-widget-wrap elementor-element-populated\">\n\t\t\t\t\t\t\t\t<div class=\"elementor-element elementor-element-7425467 elementor-widget elementor-widget-button\" data-id=\"7425467\" data-element_type=\"widget\" data-widget_type=\"button.default\">\n\t\t\t\t<div class=\"elementor-widget-container\">\n\t\t\t\t\t<div class=\"elementor-button-wrapper\">\n\t\t\t<a class=\"elementor-button elementor-button-link elementor-size-md\" href=\"https:\/\/toulhbc.fr\/index.php\/le-club\/\">\n\t\t\t\t\t\t<span class=\"elementor-button-content-wrapper\">\n\t\t\t\t\t\t<span class=\"elementor-button-icon elementor-align-icon-left\">\n\t\t\t\t<i aria-hidden=\"true\" class=\"fas fa-angle-right\"><\/i>\t\t\t<\/span>\n\t\t\t\t\t\t<span class=\"elementor-button-text\">Retour<\/span>\n\t\t<\/span>\n\t\t\t\t\t<\/a>\n\t\t<\/div>\n\t\t\t\t<\/div>\n\t\t\t\t<\/div>\n\t\t\t\t\t<\/div>\n\t\t<\/div>\n\t\t\t\t\t\t\t<\/div>\n\t\t<\/section>\n\t\t\t\t\t\t\t<\/div>\n\t\t","protected":false},"excerpt":{"rendered":"<p>historique Le handball est n\u00e9, \u00e0 Toul, en 1972 sous l\u2019appellation Amicale La\u00efque Toul Thuilley aux Groseilles et sous la pr\u00e9sidence de son fondateur Marcel Roussel, puis, en 1979, est cr\u00e9\u00e9e une section handball au sein de cette amicale, toujours sous la Pr\u00e9sidence de Marcel Roussel, il y restera jusqu\u2019en 1987. Daniel Lallemand et \u00c9ric&#8230;<\/p>\n","protected":false},"author":1,"featured_media":0,"parent":0,"menu_order":0,"comment_status":"closed","ping_status":"closed","template":"","meta":{"_kad_post_transparent":"","_kad_post_title":"hide","_kad_post_layout":"fullwidth","_kad_post_sidebar_id":"","_kad_post_content_style":"unboxed","_kad_post_vertical_padding":"hide","_kad_post_feature":"hide","_kad_post_feature_position":"","_kad_post_header":false,"_kad_post_footer":false,"footnotes":""},"yoast_head":"<!-- This site is optimized with the Yoast SEO plugin v21.7 - https:\/\/yoast.com\/wordpress\/plugins\/seo\/ -->\n<title>Historique | Toul Handball Club<\/title>\n<meta name=\"description\" content=\"Le club de handball de Toul\" \/>\n<meta name=\"robots\" content=\"index, follow, max-snippet:-1, max-image-preview:large, max-video-preview:-1\" \/>\n<link rel=\"canonical\" href=\"https:\/\/toulhbc.fr\/index.php\/historique\/\" \/>\n<meta property=\"og:locale\" content=\"fr_FR\" \/>\n<meta property=\"og:type\" content=\"article\" \/>\n<meta property=\"og:title\" content=\"Historique | Toul Handball Club\" \/>\n<meta property=\"og:description\" content=\"Le club de handball de Toul\" \/>\n<meta property=\"og:url\" content=\"https:\/\/toulhbc.fr\/index.php\/historique\/\" \/>\n<meta property=\"og:site_name\" content=\"Toul Handball Club\" \/>\n<meta property=\"article:publisher\" content=\"https:\/\/www.facebook.com\/groups\/162895353889590\" \/>\n<meta property=\"article:modified_time\" content=\"2022-01-30T14:25:59+00:00\" \/>\n<meta name=\"twitter:card\" content=\"summary_large_image\" \/>\n<meta name=\"twitter:label1\" content=\"Dur\u00e9e de lecture estim\u00e9e\" \/>\n\t<meta name=\"twitter:data1\" content=\"2 minutes\" \/>\n<script type=\"application\/ld+json\" class=\"yoast-schema-graph\">{\"@context\":\"https:\/\/schema.org\",\"@graph\":[{\"@type\":\"WebPage\",\"@id\":\"https:\/\/toulhbc.fr\/index.php\/historique\/\",\"url\":\"https:\/\/toulhbc.fr\/index.php\/historique\/\",\"name\":\"Historique | Toul Handball Club\",\"isPartOf\":{\"@id\":\"https:\/\/toulhbc.fr\/#website\"},\"datePublished\":\"2022-01-09T14:08:12+00:00\",\"dateModified\":\"2022-01-30T14:25:59+00:00\",\"description\":\"Le club de handball de Toul\",\"breadcrumb\":{\"@id\":\"https:\/\/toulhbc.fr\/index.php\/historique\/#breadcrumb\"},\"inLanguage\":\"fr-FR\",\"potentialAction\":[{\"@type\":\"ReadAction\",\"target\":[\"https:\/\/toulhbc.fr\/index.php\/historique\/\"]}]},{\"@type\":\"BreadcrumbList\",\"@id\":\"https:\/\/toulhbc.fr\/index.php\/historique\/#breadcrumb\",\"itemListElement\":[{\"@type\":\"ListItem\",\"position\":1,\"name\":\"Accueil\",\"item\":\"https:\/\/toulhbc.fr\/\"},{\"@type\":\"ListItem\",\"position\":2,\"name\":\"Historique\"}]},{\"@type\":\"WebSite\",\"@id\":\"https:\/\/toulhbc.fr\/#website\",\"url\":\"https:\/\/toulhbc.fr\/\",\"name\":\"Toul Handball Club\",\"description\":\"Votre club de handball \u00e0 Toul\",\"publisher\":{\"@id\":\"https:\/\/toulhbc.fr\/#organization\"},\"potentialAction\":[{\"@type\":\"SearchAction\",\"target\":{\"@type\":\"EntryPoint\",\"urlTemplate\":\"https:\/\/toulhbc.fr\/?s={search_term_string}\"},\"query-input\":\"required name=search_term_string\"}],\"inLanguage\":\"fr-FR\"},{\"@type\":\"Organization\",\"@id\":\"https:\/\/toulhbc.fr\/#organization\",\"name\":\"Toul HandBall Club\",\"url\":\"https:\/\/toulhbc.fr\/\",\"logo\":{\"@type\":\"ImageObject\",\"inLanguage\":\"fr-FR\",\"@id\":\"https:\/\/toulhbc.fr\/#\/schema\/logo\/image\/\",\"url\":\"https:\/\/toulhbc.fr\/wp-content\/uploads\/2022\/01\/cropped-logo-thbc.jpg\",\"contentUrl\":\"https:\/\/toulhbc.fr\/wp-content\/uploads\/2022\/01\/cropped-logo-thbc.jpg\",\"width\":512,\"height\":512,\"caption\":\"Toul HandBall Club\"},\"image\":{\"@id\":\"https:\/\/toulhbc.fr\/#\/schema\/logo\/image\/\"},\"sameAs\":[\"https:\/\/www.facebook.com\/groups\/162895353889590\"]}]}<\/script>\n<!-- \/ Yoast SEO plugin. -->","yoast_head_json":{"title":"Historique | Toul Handball Club","description":"Le club de handball de Toul","robots":{"index":"index","follow":"follow","max-snippet":"max-snippet:-1","max-image-preview":"max-image-preview:large","max-video-preview":"max-video-preview:-1"},"canonical":"https:\/\/toulhbc.fr\/index.php\/historique\/","og_locale":"fr_FR","og_type":"article","og_title":"Historique | Toul Handball Club","og_description":"Le club de handball de Toul","og_url":"https:\/\/toulhbc.fr\/index.php\/historique\/","og_site_name":"Toul Handball Club","article_publisher":"https:\/\/www.facebook.com\/groups\/162895353889590","article_modified_time":"2022-01-30T14:25:59+00:00","twitter_card":"summary_large_image","twitter_misc":{"Dur\u00e9e de lecture estim\u00e9e":"2 minutes"},"schema":{"@context":"https:\/\/schema.org","@graph":[{"@type":"WebPage","@id":"https:\/\/toulhbc.fr\/index.php\/historique\/","url":"https:\/\/toulhbc.fr\/index.php\/historique\/","name":"Historique | Toul Handball Club","isPartOf":{"@id":"https:\/\/toulhbc.fr\/#website"},"datePublished":"2022-01-09T14:08:12+00:00","dateModified":"2022-01-30T14:25:59+00:00","description":"Le club de handball de Toul","breadcrumb":{"@id":"https:\/\/toulhbc.fr\/index.php\/historique\/#breadcrumb"},"inLanguage":"fr-FR","potentialAction":[{"@type":"ReadAction","target":["https:\/\/toulhbc.fr\/index.php\/historique\/"]}]},{"@type":"BreadcrumbList","@id":"https:\/\/toulhbc.fr\/index.php\/historique\/#breadcrumb","itemListElement":[{"@type":"ListItem","position":1,"name":"Accueil","item":"https:\/\/toulhbc.fr\/"},{"@type":"ListItem","position":2,"name":"Historique"}]},{"@type":"WebSite","@id":"https:\/\/toulhbc.fr\/#website","url":"https:\/\/toulhbc.fr\/","name":"Toul Handball Club","description":"Votre club de handball \u00e0 Toul","publisher":{"@id":"https:\/\/toulhbc.fr\/#organization"},"potentialAction":[{"@type":"SearchAction","target":{"@type":"EntryPoint","urlTemplate":"https:\/\/toulhbc.fr\/?s={search_term_string}"},"query-input":"required name=search_term_string"}],"inLanguage":"fr-FR"},{"@type":"Organization","@id":"https:\/\/toulhbc.fr\/#organization","name":"Toul HandBall Club","url":"https:\/\/toulhbc.fr\/","logo":{"@type":"ImageObject","inLanguage":"fr-FR","@id":"https:\/\/toulhbc.fr\/#\/schema\/logo\/image\/","url":"https:\/\/toulhbc.fr\/wp-content\/uploads\/2022\/01\/cropped-logo-thbc.jpg","contentUrl":"https:\/\/toulhbc.fr\/wp-content\/uploads\/2022\/01\/cropped-logo-thbc.jpg","width":512,"height":512,"caption":"Toul HandBall Club"},"image":{"@id":"https:\/\/toulhbc.fr\/#\/schema\/logo\/image\/"},"sameAs":["https:\/\/www.facebook.com\/groups\/162895353889590"]}]}},"_links":{"self":[{"href":"https:\/\/toulhbc.fr\/index.php\/wp-json\/wp\/v2\/pages\/322"}],"collection":[{"href":"https:\/\/toulhbc.fr\/index.php\/wp-json\/wp\/v2\/pages"}],"about":[{"href":"https:\/\/toulhbc.fr\/index.php\/wp-json\/wp\/v2\/types\/page"}],"author":[{"embeddable":true,"href":"https:\/\/toulhbc.fr\/index.php\/wp-json\/wp\/v2\/users\/1"}],"replies":[{"embeddable":true,"href":"https:\/\/toulhbc.fr\/index.php\/wp-json\/wp\/v2\/comments?post=322"}],"version-history":[{"count":61,"href":"https:\/\/toulhbc.fr\/index.php\/wp-json\/wp\/v2\/pages\/322\/revisions"}],"predecessor-version":[{"id":1211,"href":"https:\/\/toulhbc.fr\/index.php\/wp-json\/wp\/v2\/pages\/322\/revisions\/1211"}],"wp:attachment":[{"href":"https:\/\/toulhbc.fr\/index.php\/wp-json\/wp\/v2\/media?parent=322"}],"curies":[{"name":"wp","href":"https:\/\/api.w.org\/{rel}","templated":true}]}}