{"id":324,"date":"2022-01-09T15:08:26","date_gmt":"2022-01-09T14:08:26","guid":{"rendered":"https:\/\/toulhbc.fr\/?page_id=324"},"modified":"2022-09-21T20:02:22","modified_gmt":"2022-09-21T18:02:22","slug":"entrainements","status":"publish","type":"page","link":"https:\/\/toulhbc.fr\/index.php\/entrainements\/","title":{"rendered":"Entra\u00eenements"},"content":{"rendered":"\t\t<div data-elementor-type=\"wp-page\" data-elementor-id=\"324\" class=\"elementor elementor-324\">\n\t\t\t\t\t\t\t\t\t<section class=\"elementor-section elementor-top-section elementor-element elementor-element-788a9ab9 elementor-section-boxed elementor-section-height-default elementor-section-height-default\" data-id=\"788a9ab9\" data-element_type=\"section\" data-settings=\"{&quot;background_background&quot;:&quot;classic&quot;}\">\n\t\t\t\t\t\t<div class=\"elementor-container elementor-column-gap-default\">\n\t\t\t\t\t<div class=\"elementor-column elementor-col-100 elementor-top-column elementor-element elementor-element-62501291\" data-id=\"62501291\" data-element_type=\"column\">\n\t\t\t<div class=\"elementor-widget-wrap elementor-element-populated\">\n\t\t\t\t\t\t\t\t<section class=\"elementor-section elementor-inner-section elementor-element elementor-element-547be189 elementor-section-boxed elementor-section-height-default elementor-section-height-default\" data-id=\"547be189\" data-element_type=\"section\">\n\t\t\t\t\t\t<div class=\"elementor-container elementor-column-gap-default\">\n\t\t\t\t\t<div class=\"elementor-column elementor-col-50 elementor-inner-column elementor-element elementor-element-7d8e6281\" data-id=\"7d8e6281\" data-element_type=\"column\">\n\t\t\t<div class=\"elementor-widget-wrap elementor-element-populated\">\n\t\t\t\t\t\t\t\t<div class=\"elementor-element elementor-element-7d6d6f2b elementor-widget elementor-widget-heading\" data-id=\"7d6d6f2b\" data-element_type=\"widget\" data-widget_type=\"heading.default\">\n\t\t\t\t<div class=\"elementor-widget-container\">\n\t\t\t<style>\/*! elementor - v3.18.0 - 08-12-2023 *\/\n.elementor-heading-title{padding:0;margin:0;line-height:1}.elementor-widget-heading .elementor-heading-title[class*=elementor-size-]>a{color:inherit;font-size:inherit;line-height:inherit}.elementor-widget-heading .elementor-heading-title.elementor-size-small{font-size:15px}.elementor-widget-heading .elementor-heading-title.elementor-size-medium{font-size:19px}.elementor-widget-heading .elementor-heading-title.elementor-size-large{font-size:29px}.elementor-widget-heading .elementor-heading-title.elementor-size-xl{font-size:39px}.elementor-widget-heading .elementor-heading-title.elementor-size-xxl{font-size:59px}<\/style><h2 class=\"elementor-heading-title elementor-size-default\">Entra\u00eenements<\/h2>\t\t<\/div>\n\t\t\t\t<\/div>\n\t\t\t\t\t<\/div>\n\t\t<\/div>\n\t\t\t\t<div class=\"elementor-column elementor-col-50 elementor-inner-column elementor-element elementor-element-66506026\" data-id=\"66506026\" data-element_type=\"column\">\n\t\t\t<div class=\"elementor-widget-wrap\">\n\t\t\t\t\t\t\t\t\t<\/div>\n\t\t<\/div>\n\t\t\t\t\t\t\t<\/div>\n\t\t<\/section>\n\t\t\t\t\t<\/div>\n\t\t<\/div>\n\t\t\t\t\t\t\t<\/div>\n\t\t<\/section>\n\t\t\t\t<section class=\"elementor-section elementor-top-section elementor-element elementor-element-19cb282 elementor-hidden-phone elementor-section-boxed elementor-section-height-default elementor-section-height-default\" data-id=\"19cb282\" data-element_type=\"section\" data-settings=\"{&quot;background_background&quot;:&quot;classic&quot;}\">\n\t\t\t\t\t\t\t<div class=\"elementor-background-overlay\"><\/div>\n\t\t\t\t\t\t\t<div class=\"elementor-container elementor-column-gap-default\">\n\t\t\t\t\t<div class=\"elementor-column elementor-col-100 elementor-top-column elementor-element elementor-element-e7300c1\" data-id=\"e7300c1\" data-element_type=\"column\">\n\t\t\t<div class=\"elementor-widget-wrap elementor-element-populated\">\n\t\t\t\t\t\t\t\t<div class=\"elementor-element elementor-element-cd27539 elementor-widget elementor-widget-heading\" data-id=\"cd27539\" data-element_type=\"widget\" data-widget_type=\"heading.default\">\n\t\t\t\t<div class=\"elementor-widget-container\">\n\t\t\t<h2 class=\"elementor-heading-title elementor-size-default\">Les entra\u00eenements se d\u00e9rouleront salle Henri Maitrepierre - rue de la Champagne - Toul<\/h2>\t\t<\/div>\n\t\t\t\t<\/div>\n\t\t\t\t<div class=\"elementor-element elementor-element-835cab5 elementor-widget elementor-widget-image\" data-id=\"835cab5\" data-element_type=\"widget\" data-widget_type=\"image.default\">\n\t\t\t\t<div class=\"elementor-widget-container\">\n\t\t\t<style>\/*! elementor - v3.18.0 - 08-12-2023 *\/\n.elementor-widget-image{text-align:center}.elementor-widget-image a{display:inline-block}.elementor-widget-image a img[src$=\".svg\"]{width:48px}.elementor-widget-image img{vertical-align:middle;display:inline-block}<\/style>\t\t\t\t\t\t\t\t\t\t\t\t<img decoding=\"async\" src=\"https:\/\/toulhbc.fr\/wp-content\/uploads\/2022\/09\/Horaires-2022-2023-MN.png\" title=\"\" alt=\"\" loading=\"lazy\" \/>\t\t\t\t\t\t\t\t\t\t\t\t\t\t\t<\/div>\n\t\t\t\t<\/div>\n\t\t\t\t\t<\/div>\n\t\t<\/div>\n\t\t\t\t\t\t\t<\/div>\n\t\t<\/section>\n\t\t\t\t<section class=\"elementor-section elementor-top-section elementor-element elementor-element-7f591a13 elementor-section-full_width elementor-section-height-default elementor-section-height-default\" data-id=\"7f591a13\" data-element_type=\"section\">\n\t\t\t\t\t\t<div class=\"elementor-container elementor-column-gap-default\">\n\t\t\t\t\t<div class=\"elementor-column elementor-col-100 elementor-top-column elementor-element elementor-element-7cd9c4fe\" data-id=\"7cd9c4fe\" data-element_type=\"column\">\n\t\t\t<div class=\"elementor-widget-wrap elementor-element-populated\">\n\t\t\t\t\t\t\t\t<div class=\"elementor-element elementor-element-70a73a6 elementor-widget elementor-widget-image\" data-id=\"70a73a6\" data-element_type=\"widget\" data-widget_type=\"image.default\">\n\t\t\t\t<div class=\"elementor-widget-container\">\n\t\t\t\t\t\t\t\t\t\t\t\t\t\t\t<img decoding=\"async\" src=\"https:\/\/toulhbc.fr\/wp-content\/uploads\/2022\/09\/Horaires-2022-2023.png\" title=\"\" alt=\"\" loading=\"lazy\" \/>\t\t\t\t\t\t\t\t\t\t\t\t\t\t\t<\/div>\n\t\t\t\t<\/div>\n\t\t\t\t\t<\/div>\n\t\t<\/div>\n\t\t\t\t\t\t\t<\/div>\n\t\t<\/section>\n\t\t\t\t<section class=\"elementor-section elementor-top-section elementor-element elementor-element-c783df4 elementor-section-boxed elementor-section-height-default elementor-section-height-default\" data-id=\"c783df4\" data-element_type=\"section\" data-settings=\"{&quot;background_background&quot;:&quot;classic&quot;}\">\n\t\t\t\t\t\t<div class=\"elementor-container elementor-column-gap-default\">\n\t\t\t\t\t<div class=\"elementor-column elementor-col-100 elementor-top-column elementor-element elementor-element-68527187\" data-id=\"68527187\" data-element_type=\"column\">\n\t\t\t<div class=\"elementor-widget-wrap elementor-element-populated\">\n\t\t\t\t\t\t\t\t<div class=\"elementor-element elementor-element-6968f8f elementor-widget elementor-widget-heading\" data-id=\"6968f8f\" data-element_type=\"widget\" data-widget_type=\"heading.default\">\n\t\t\t\t<div class=\"elementor-widget-container\">\n\t\t\t<h2 class=\"elementor-heading-title elementor-size-default\">Addresse : Salle Henri Ma\u00eetrepierre 54200 TOUL<\/h2>\t\t<\/div>\n\t\t\t\t<\/div>\n\t\t\t\t\t<\/div>\n\t\t<\/div>\n\t\t\t\t\t\t\t<\/div>\n\t\t<\/section>\n\t\t\t\t\t\t\t<\/div>\n\t\t","protected":false},"excerpt":{"rendered":"<p>Entra\u00eenements Les entra\u00eenements se d\u00e9rouleront salle Henri Maitrepierre &#8211; rue de la Champagne &#8211; Toul Addresse : Salle Henri Ma\u00eetrepierre 54200 TOUL<\/p>\n","protected":false},"author":1,"featured_media":0,"parent":0,"menu_order":0,"comment_status":"closed","ping_status":"closed","template":"","meta":{"_kad_post_transparent":"","_kad_post_title":"hide","_kad_post_layout":"fullwidth","_kad_post_sidebar_id":"","_kad_post_content_style":"unboxed","_kad_post_vertical_padding":"hide","_kad_post_feature":"hide","_kad_post_feature_position":"","_kad_post_header":false,"_kad_post_footer":false,"footnotes":""},"yoast_head":"<!-- This site is optimized with the Yoast SEO plugin v21.7 - https:\/\/yoast.com\/wordpress\/plugins\/seo\/ -->\n<title>Entra\u00eenements | Toul Handball Club<\/title>\n<meta name=\"description\" content=\"Le club de handball de Toul\" \/>\n<meta name=\"robots\" content=\"index, follow, max-snippet:-1, max-image-preview:large, max-video-preview:-1\" \/>\n<link rel=\"canonical\" href=\"https:\/\/toulhbc.fr\/index.php\/entrainements\/\" \/>\n<meta property=\"og:locale\" content=\"fr_FR\" \/>\n<meta property=\"og:type\" content=\"article\" \/>\n<meta property=\"og:title\" content=\"Entra\u00eenements | Toul Handball Club\" \/>\n<meta property=\"og:description\" content=\"Le club de handball de Toul\" \/>\n<meta property=\"og:url\" content=\"https:\/\/toulhbc.fr\/index.php\/entrainements\/\" \/>\n<meta property=\"og:site_name\" content=\"Toul Handball Club\" \/>\n<meta property=\"article:publisher\" content=\"https:\/\/www.facebook.com\/groups\/162895353889590\" \/>\n<meta property=\"article:modified_time\" content=\"2022-09-21T18:02:22+00:00\" \/>\n<meta property=\"og:image\" content=\"https:\/\/toulhbc.fr\/wp-content\/uploads\/2022\/09\/Horaires-2022-2023-MN.png\" \/>\n<meta name=\"twitter:card\" content=\"summary_large_image\" \/>\n<meta name=\"twitter:label1\" content=\"Dur\u00e9e de lecture estim\u00e9e\" \/>\n\t<meta name=\"twitter:data1\" content=\"1 minute\" \/>\n<script type=\"application\/ld+json\" class=\"yoast-schema-graph\">{\"@context\":\"https:\/\/schema.org\",\"@graph\":[{\"@type\":\"WebPage\",\"@id\":\"https:\/\/toulhbc.fr\/index.php\/entrainements\/\",\"url\":\"https:\/\/toulhbc.fr\/index.php\/entrainements\/\",\"name\":\"Entra\u00eenements | Toul Handball Club\",\"isPartOf\":{\"@id\":\"https:\/\/toulhbc.fr\/#website\"},\"datePublished\":\"2022-01-09T14:08:26+00:00\",\"dateModified\":\"2022-09-21T18:02:22+00:00\",\"description\":\"Le club de handball de Toul\",\"breadcrumb\":{\"@id\":\"https:\/\/toulhbc.fr\/index.php\/entrainements\/#breadcrumb\"},\"inLanguage\":\"fr-FR\",\"potentialAction\":[{\"@type\":\"ReadAction\",\"target\":[\"https:\/\/toulhbc.fr\/index.php\/entrainements\/\"]}]},{\"@type\":\"BreadcrumbList\",\"@id\":\"https:\/\/toulhbc.fr\/index.php\/entrainements\/#breadcrumb\",\"itemListElement\":[{\"@type\":\"ListItem\",\"position\":1,\"name\":\"Accueil\",\"item\":\"https:\/\/toulhbc.fr\/\"},{\"@type\":\"ListItem\",\"position\":2,\"name\":\"Entra\u00eenements\"}]},{\"@type\":\"WebSite\",\"@id\":\"https:\/\/toulhbc.fr\/#website\",\"url\":\"https:\/\/toulhbc.fr\/\",\"name\":\"Toul Handball Club\",\"description\":\"Votre club de handball \u00e0 Toul\",\"publisher\":{\"@id\":\"https:\/\/toulhbc.fr\/#organization\"},\"potentialAction\":[{\"@type\":\"SearchAction\",\"target\":{\"@type\":\"EntryPoint\",\"urlTemplate\":\"https:\/\/toulhbc.fr\/?s={search_term_string}\"},\"query-input\":\"required name=search_term_string\"}],\"inLanguage\":\"fr-FR\"},{\"@type\":\"Organization\",\"@id\":\"https:\/\/toulhbc.fr\/#organization\",\"name\":\"Toul HandBall Club\",\"url\":\"https:\/\/toulhbc.fr\/\",\"logo\":{\"@type\":\"ImageObject\",\"inLanguage\":\"fr-FR\",\"@id\":\"https:\/\/toulhbc.fr\/#\/schema\/logo\/image\/\",\"url\":\"https:\/\/toulhbc.fr\/wp-content\/uploads\/2022\/01\/cropped-logo-thbc.jpg\",\"contentUrl\":\"https:\/\/toulhbc.fr\/wp-content\/uploads\/2022\/01\/cropped-logo-thbc.jpg\",\"width\":512,\"height\":512,\"caption\":\"Toul HandBall Club\"},\"image\":{\"@id\":\"https:\/\/toulhbc.fr\/#\/schema\/logo\/image\/\"},\"sameAs\":[\"https:\/\/www.facebook.com\/groups\/162895353889590\"]}]}<\/script>\n<!-- \/ Yoast SEO plugin. -->","yoast_head_json":{"title":"Entra\u00eenements | Toul Handball Club","description":"Le club de handball de Toul","robots":{"index":"index","follow":"follow","max-snippet":"max-snippet:-1","max-image-preview":"max-image-preview:large","max-video-preview":"max-video-preview:-1"},"canonical":"https:\/\/toulhbc.fr\/index.php\/entrainements\/","og_locale":"fr_FR","og_type":"article","og_title":"Entra\u00eenements | Toul Handball Club","og_description":"Le club de handball de Toul","og_url":"https:\/\/toulhbc.fr\/index.php\/entrainements\/","og_site_name":"Toul Handball Club","article_publisher":"https:\/\/www.facebook.com\/groups\/162895353889590","article_modified_time":"2022-09-21T18:02:22+00:00","og_image":[{"url":"https:\/\/toulhbc.fr\/wp-content\/uploads\/2022\/09\/Horaires-2022-2023-MN.png"}],"twitter_card":"summary_large_image","twitter_misc":{"Dur\u00e9e de lecture estim\u00e9e":"1 minute"},"schema":{"@context":"https:\/\/schema.org","@graph":[{"@type":"WebPage","@id":"https:\/\/toulhbc.fr\/index.php\/entrainements\/","url":"https:\/\/toulhbc.fr\/index.php\/entrainements\/","name":"Entra\u00eenements | Toul Handball Club","isPartOf":{"@id":"https:\/\/toulhbc.fr\/#website"},"datePublished":"2022-01-09T14:08:26+00:00","dateModified":"2022-09-21T18:02:22+00:00","description":"Le club de handball de Toul","breadcrumb":{"@id":"https:\/\/toulhbc.fr\/index.php\/entrainements\/#breadcrumb"},"inLanguage":"fr-FR","potentialAction":[{"@type":"ReadAction","target":["https:\/\/toulhbc.fr\/index.php\/entrainements\/"]}]},{"@type":"BreadcrumbList","@id":"https:\/\/toulhbc.fr\/index.php\/entrainements\/#breadcrumb","itemListElement":[{"@type":"ListItem","position":1,"name":"Accueil","item":"https:\/\/toulhbc.fr\/"},{"@type":"ListItem","position":2,"name":"Entra\u00eenements"}]},{"@type":"WebSite","@id":"https:\/\/toulhbc.fr\/#website","url":"https:\/\/toulhbc.fr\/","name":"Toul Handball Club","description":"Votre club de handball \u00e0 Toul","publisher":{"@id":"https:\/\/toulhbc.fr\/#organization"},"potentialAction":[{"@type":"SearchAction","target":{"@type":"EntryPoint","urlTemplate":"https:\/\/toulhbc.fr\/?s={search_term_string}"},"query-input":"required name=search_term_string"}],"inLanguage":"fr-FR"},{"@type":"Organization","@id":"https:\/\/toulhbc.fr\/#organization","name":"Toul HandBall Club","url":"https:\/\/toulhbc.fr\/","logo":{"@type":"ImageObject","inLanguage":"fr-FR","@id":"https:\/\/toulhbc.fr\/#\/schema\/logo\/image\/","url":"https:\/\/toulhbc.fr\/wp-content\/uploads\/2022\/01\/cropped-logo-thbc.jpg","contentUrl":"https:\/\/toulhbc.fr\/wp-content\/uploads\/2022\/01\/cropped-logo-thbc.jpg","width":512,"height":512,"caption":"Toul HandBall Club"},"image":{"@id":"https:\/\/toulhbc.fr\/#\/schema\/logo\/image\/"},"sameAs":["https:\/\/www.facebook.com\/groups\/162895353889590"]}]}},"_links":{"self":[{"href":"https:\/\/toulhbc.fr\/index.php\/wp-json\/wp\/v2\/pages\/324"}],"collection":[{"href":"https:\/\/toulhbc.fr\/index.php\/wp-json\/wp\/v2\/pages"}],"about":[{"href":"https:\/\/toulhbc.fr\/index.php\/wp-json\/wp\/v2\/types\/page"}],"author":[{"embeddable":true,"href":"https:\/\/toulhbc.fr\/index.php\/wp-json\/wp\/v2\/users\/1"}],"replies":[{"embeddable":true,"href":"https:\/\/toulhbc.fr\/index.php\/wp-json\/wp\/v2\/comments?post=324"}],"version-history":[{"count":88,"href":"https:\/\/toulhbc.fr\/index.php\/wp-json\/wp\/v2\/pages\/324\/revisions"}],"predecessor-version":[{"id":1774,"href":"https:\/\/toulhbc.fr\/index.php\/wp-json\/wp\/v2\/pages\/324\/revisions\/1774"}],"wp:attachment":[{"href":"https:\/\/toulhbc.fr\/index.php\/wp-json\/wp\/v2\/media?parent=324"}],"curies":[{"name":"wp","href":"https:\/\/api.w.org\/{rel}","templated":true}]}}